{"id":21150,"date":"2020-10-14T09:59:18","date_gmt":"2020-10-14T08:59:18","guid":{"rendered":"https:\/\/digitogy.eu\/?page_id=21150"},"modified":"2023-07-28T01:52:48","modified_gmt":"2023-07-28T00:52:48","slug":"brugsbetingelser","status":"publish","type":"page","link":"https:\/\/digitogy.eu\/da\/brugsbetingelser\/","title":{"rendered":"Brugsbetingelser"},"content":{"rendered":"<p>Denne hjemmeside tilbyder nyheder, vejledninger, anmeldelser og information om gadgets, hardware, sikkerhedssoftware, privatlivsv\u00e6rkt\u00f8jer, VPN-serviceudbydere osv. i god tro. Form\u00e5let er at holde dig opdateret om de seneste begivenheder i industrien.<\/p>\n<p>Vores team af eksperter har en dokumenteret track record med at tilbyde forskellige tjenester og l\u00f8sninger, men de er opm\u00e6rksomme p\u00e5 emnets f\u00f8lsomhed. Alle vejledninger, anmeldelser, information og andre materialer er kun beregnet til generelle oplysningsform\u00e5l. Vi st\u00f8tter ikke, opfordrer eller fremmer nogen form for kriminel eller ulovlig aktivitet, kontraktbrud eller skade p\u00e5 andre.<\/p>\n<p>Det er vigtigt at bem\u00e6rke, at dine handlinger er dit eget ansvar, og du b\u00f8r tr\u00e6ffe dine egne beslutninger. Hvis du har bekymringer, tvivl eller sp\u00f8rgsm\u00e5l om dine handlinger og deres konsekvenser, b\u00f8r du s\u00f8ge juridisk r\u00e5dgivning.<\/p>\n<p>Lejlighedsvis kan andre personer bidrage, poste eller kommentere p\u00e5 hjemmesiden. Selvom vi byder bidrag velkomne, er vi ikke ansvarlige for synspunkterne eller indholdet, som andre offentligg\u00f8r. Deres meninger er deres egne og repr\u00e6senterer ikke n\u00f8dvendigvis vores hjemmesides synspunkter.<\/p>\n<p><em>Offentligg\u00f8relse: Denne hjemmeside kan indeholde tilknyttede links, der giver os en lille kommission, uden ekstra omkostninger for dig. Vi anbefaler kun produkter, vi personligt tester, eller som vi mener, vores l\u00e6sere vil finde nyttige.<\/em><\/p>\n","protected":false},"excerpt":{"rendered":"<p>Denne hjemmeside tilbyder nyheder, vejledninger, anmeldelser og information om gadgets, hardware, sikkerhedssoftware, privatlivsv\u00e6rkt\u00f8jer, VPN-serviceudbydere osv. i god tro. Form\u00e5let er at holde dig opdateret om de seneste begivenheder i industrien. Vores team af eksperter har en dokumenteret track record med at tilbyde forskellige tjenester og l\u00f8sninger, men de er opm\u00e6rksomme p\u00e5 emnets f\u00f8lsomhed. Alle vejledninger, [&hellip;]<\/p>\n","protected":false},"author":43,"featured_media":0,"parent":0,"menu_order":0,"comment_status":"closed","ping_status":"closed","template":"","meta":{"om_disable_all_campaigns":false,"footnotes":""},"sgf-content-tag":[472,476],"sgf-seo-push":[],"class_list":["post-21150","page","type-page","status-publish","hentry"],"yoast_head":"<!-- This site is optimized with the Yoast SEO plugin v24.9 - https:\/\/yoast.com\/wordpress\/plugins\/seo\/ -->\n<title>Brugsbetingelser | Digitogy.eu<\/title>\n<meta name=\"description\" content=\"Denne hjemmeside tilbyder nyheder, vejledninger, anmeldelser og information om gadgets, hardware, sikkerhedssoftware, privatlivsv\u00e6rkt\u00f8jer,\" \/>\n<meta name=\"robots\" content=\"index, follow, max-snippet:-1, max-image-preview:large, max-video-preview:-1\" \/>\n<link rel=\"canonical\" href=\"https:\/\/digitogy.eu\/da\/brugsbetingelser\/\" \/>\n<meta property=\"og:locale\" content=\"da_DK\" \/>\n<meta property=\"og:type\" content=\"article\" \/>\n<meta property=\"og:title\" content=\"Brugsbetingelser | Digitogy.eu\" \/>\n<meta property=\"og:description\" content=\"Denne hjemmeside tilbyder nyheder, vejledninger, anmeldelser og information om gadgets, hardware, sikkerhedssoftware, privatlivsv\u00e6rkt\u00f8jer,\" \/>\n<meta property=\"og:url\" content=\"https:\/\/digitogy.eu\/da\/brugsbetingelser\/\" \/>\n<meta property=\"og:site_name\" content=\"Digitogy.eu\" \/>\n<meta property=\"article:modified_time\" content=\"2023-07-28T00:52:48+00:00\" \/>\n<meta name=\"twitter:card\" content=\"summary_large_image\" \/>\n<!-- \/ Yoast SEO plugin. -->","yoast_head_json":{"title":"Brugsbetingelser | Digitogy.eu","description":"Denne hjemmeside tilbyder nyheder, vejledninger, anmeldelser og information om gadgets, hardware, sikkerhedssoftware, privatlivsv\u00e6rkt\u00f8jer,","robots":{"index":"index","follow":"follow","max-snippet":"max-snippet:-1","max-image-preview":"max-image-preview:large","max-video-preview":"max-video-preview:-1"},"canonical":"https:\/\/digitogy.eu\/da\/brugsbetingelser\/","og_locale":"da_DK","og_type":"article","og_title":"Brugsbetingelser | Digitogy.eu","og_description":"Denne hjemmeside tilbyder nyheder, vejledninger, anmeldelser og information om gadgets, hardware, sikkerhedssoftware, privatlivsv\u00e6rkt\u00f8jer,","og_url":"https:\/\/digitogy.eu\/da\/brugsbetingelser\/","og_site_name":"Digitogy.eu","article_modified_time":"2023-07-28T00:52:48+00:00","twitter_card":"summary_large_image","schema":{"@context":"https:\/\/schema.org","@graph":[{"@type":"WebPage","@id":"https:\/\/digitogy.eu\/da\/brugsbetingelser\/","url":"https:\/\/digitogy.eu\/da\/brugsbetingelser\/","name":"Brugsbetingelser | Digitogy.eu","isPartOf":{"@id":"https:\/\/digitogy.eu\/da\/#website"},"datePublished":"2020-10-14T08:59:18+00:00","dateModified":"2023-07-28T00:52:48+00:00","description":"Denne hjemmeside tilbyder nyheder, vejledninger, anmeldelser og information om gadgets, hardware, sikkerhedssoftware, privatlivsv\u00e6rkt\u00f8jer,","breadcrumb":{"@id":"https:\/\/digitogy.eu\/da\/brugsbetingelser\/#breadcrumb"},"inLanguage":"da-DK","potentialAction":[{"@type":"ReadAction","target":["https:\/\/digitogy.eu\/da\/brugsbetingelser\/"]}]},{"@type":"BreadcrumbList","@id":"https:\/\/digitogy.eu\/da\/brugsbetingelser\/#breadcrumb","itemListElement":[{"@type":"ListItem","position":1,"name":"Home","item":"https:\/\/digitogy.eu\/da\/hjem\/"},{"@type":"ListItem","position":2,"name":"Brugsbetingelser"}]},{"@type":"WebSite","@id":"https:\/\/digitogy.eu\/da\/#website","url":"https:\/\/digitogy.eu\/da\/","name":"Digitogy.eu","description":"Digital Technology Magazine","publisher":{"@id":"https:\/\/digitogy.eu\/da\/#organization"},"potentialAction":[{"@type":"SearchAction","target":{"@type":"EntryPoint","urlTemplate":"https:\/\/digitogy.eu\/da\/?s={search_term_string}"},"query-input":{"@type":"PropertyValueSpecification","valueRequired":true,"valueName":"search_term_string"}}],"inLanguage":"da-DK"},{"@type":"Organization","@id":"https:\/\/digitogy.eu\/da\/#organization","name":"Digitogy.eu","url":"https:\/\/digitogy.eu\/da\/","logo":{"@type":"ImageObject","inLanguage":"da-DK","@id":"https:\/\/digitogy.eu\/da\/#\/schema\/logo\/image\/","url":"https:\/\/digitogy.eu\/wp-content\/uploads\/2019\/11\/digitogy.png","contentUrl":"https:\/\/digitogy.eu\/wp-content\/uploads\/2019\/11\/digitogy.png","width":150,"height":42,"caption":"Digitogy.eu"},"image":{"@id":"https:\/\/digitogy.eu\/da\/#\/schema\/logo\/image\/"}}]}},"_links":{"self":[{"href":"https:\/\/digitogy.eu\/da\/wp-json\/wp\/v2\/pages\/21150","targetHints":{"allow":["GET"]}}],"collection":[{"href":"https:\/\/digitogy.eu\/da\/wp-json\/wp\/v2\/pages"}],"about":[{"href":"https:\/\/digitogy.eu\/da\/wp-json\/wp\/v2\/types\/page"}],"author":[{"embeddable":true,"href":"https:\/\/digitogy.eu\/da\/wp-json\/wp\/v2\/users\/43"}],"replies":[{"embeddable":true,"href":"https:\/\/digitogy.eu\/da\/wp-json\/wp\/v2\/comments?post=21150"}],"version-history":[{"count":2,"href":"https:\/\/digitogy.eu\/da\/wp-json\/wp\/v2\/pages\/21150\/revisions"}],"predecessor-version":[{"id":47080,"href":"https:\/\/digitogy.eu\/da\/wp-json\/wp\/v2\/pages\/21150\/revisions\/47080"}],"wp:attachment":[{"href":"https:\/\/digitogy.eu\/da\/wp-json\/wp\/v2\/media?parent=21150"}],"wp:term":[{"taxonomy":"sgf-content-tag","embeddable":true,"href":"https:\/\/digitogy.eu\/da\/wp-json\/wp\/v2\/sgf-content-tag?post=21150"},{"taxonomy":"sgf-seo-push","embeddable":true,"href":"https:\/\/digitogy.eu\/da\/wp-json\/wp\/v2\/sgf-seo-push?post=21150"}],"curies":[{"name":"wp","href":"https:\/\/api.w.org\/{rel}","templated":true}]}}