{"id":20798,"date":"2020-10-07T11:38:18","date_gmt":"2020-10-07T10:38:18","guid":{"rendered":"https:\/\/digitogy.eu\/?page_id=20798"},"modified":"2023-07-28T01:50:19","modified_gmt":"2023-07-28T00:50:19","slug":"privatlivspolitikken","status":"publish","type":"page","link":"https:\/\/digitogy.eu\/da\/privatlivspolitikken\/","title":{"rendered":"Privatlivspolitikken"},"content":{"rendered":"<p>Denne hjemmesides privatlivspolitik beskriver, hvordan <a href=\"https:\/\/digitogy.eu\/da\/\">Digitogy.eu<\/a> beskytter og g\u00f8r brug af de oplysninger, du giver virksomheden, n\u00e5r du bruger denne hjemmeside.<\/p>\n<p>Hvis du bliver bedt om at give oplysninger, n\u00e5r du bruger denne hjemmeside, vil den kun blive brugt p\u00e5 de m\u00e5der, der er beskrevet i denne privatlivspolitik.<\/p>\n<p>Denne politik opdateres fra tid til anden. Den seneste version er offentliggjort p\u00e5 denne side.<\/p>\n<p>Denne hjemmesides privatlivspolitik blev opdateret den:<strong> 10\/10\/2019<\/strong><\/p>\n<p>Hvis du har sp\u00f8rgsm\u00e5l om denne politik, bedes du sende en e-mail til <a href=\"mailto:info@digitogy.eu\" target=\"_blank\" rel=\"noopener\">info@digitogy.eu<\/a>.<\/p>\n<h2>Introduktion<\/h2>\n<p>Vi indsamler og bruger visse oplysninger om enkeltpersoner for at levere produkter og tjenester og for at aktivere visse funktioner p\u00e5 denne hjemmeside.<\/p>\n<p>Vi indsamler ogs\u00e5 oplysninger for bedre at forst\u00e5, hvordan bes\u00f8gende bruger denne hjemmeside og for at pr\u00e6sentere rettidig, relevant information for dem.<\/p>\n<h2>Hvilke data indsamler vi<\/h2>\n<p>Vi kan indsamle f\u00f8lgende oplysninger:<\/p>\n<ul>\n<li>Navn og stillingsbetegnelse<\/li>\n<li>Kontaktoplysninger inklusive e-mailadresse<\/li>\n<li>Demografiske oplysninger, s\u00e5som postnummer, pr\u00e6ferencer og interesser<\/li>\n<li>Brugsdata for webstedet<\/li>\n<li>Andre oplysninger, der er relevante for kundehenvendelser<\/li>\n<li>Andre oplysninger vedr\u00f8rende s\u00e6rlige tilbud og unders\u00f8gelser<\/li>\n<\/ul>\n<h2>Hvordan vi bruger disse data<\/h2>\n<p>Indsamling af disse data hj\u00e6lper os med at forst\u00e5, hvad du leder efter fra virksomheden, hvilket g\u00f8r os i stand til at levere forbedrede produkter og tjenester.<\/p>\n<p>Specifikt kan vi bruge data:<\/p>\n<ul>\n<li>Til vores egne interne optegnelser.<\/li>\n<li>For at forbedre de produkter og tjenester, vi leverer.<\/li>\n<li>For at kontakte dig som svar p\u00e5 en specifik foresp\u00f8rgsel.<\/li>\n<li>For at tilpasse hjemmesiden til dig.<\/li>\n<li>For at sende dig salgsfremmende e-mails om produkter, tjenester, tilbud og andre ting, vi mener kan v\u00e6re relevante for dig.<\/li>\n<li>For at sende dig reklamemails eller ringe til dig om produkter, tjenester, tilbud og andre ting, som vi mener kan v\u00e6re relevante for dig.<\/li>\n<li>For at kontakte dig via e-mail, telefon eller mail af hensyn til markedsunders\u00f8gelser.<\/li>\n<\/ul>\n<h2>Kontrollere oplysninger om dig<\/h2>\n<p>N\u00e5r du udfylder en formular eller angiver dine oplysninger p\u00e5 vores hjemmeside, vil du se et eller flere afkrydsningsfelter, s\u00e5 du kan:<\/p>\n<ul>\n<li>Tilmeld dig for at modtage marketingkommunikation fra os via e-mail, telefon, sms eller post.<\/li>\n<li>Tilmeld dig for at modtage markedsf\u00f8ringskommunikation fra vores tredjepartspartnere via e-mail, telefon, sms eller post.<\/li>\n<\/ul>\n<p>Hvis du har accepteret, at vi kan bruge dine oplysninger til markedsf\u00f8ringsform\u00e5l, kan du nemt \u00e6ndre mening via en e-mail til <a href=\"mailto:info@digitogy.eu\" target=\"_blank\" rel=\"noopener\">info@digitogy.eu<\/a>.<\/p>\n<p>Vi vil aldrig lease, distribuere eller s\u00e6lge dine personlige oplysninger til tredjeparter, medmindre vi har din tilladelse, eller loven kr\u00e6ver det.<\/p>\n<p>Alle personlige oplysninger, vi har om dig, opbevares og behandles i henhold til vores databeskyttelsespolitik i overensstemmelse med Data Protection Act 1998.<\/p>\n<h2>Cookies og hvordan vi bruger dem<\/h2>\n<h3>Hvad er en cookie?<\/h3>\n<p>En cookie er en lille fil placeret p\u00e5 din computers harddisk. Det g\u00f8r det muligt for vores hjemmeside at identificere din computer, n\u00e5r du ser forskellige sider p\u00e5 vores hjemmeside.<\/p>\n<p>Cookies tillader websteder og applikationer at gemme dine pr\u00e6ferencer for at pr\u00e6sentere indhold, muligheder eller funktioner, der er specifikke for dig. De g\u00f8r det ogs\u00e5 muligt for os at se oplysninger som, hvor mange mennesker der bruger hjemmesiden, og hvilke sider de har tendens til at bes\u00f8ge.<\/p>\n<h3>Hvordan vi bruger cookies<\/h3>\n<p>Vi kan bruge cookies til at:<\/p>\n<ul>\n<li><strong>Analyser vores webtrafik ved hj\u00e6lp af en analysepakke.<\/strong> Aggregerede brugsdata hj\u00e6lper os med at forbedre hjemmesidens struktur, design, indhold og funktioner.<\/li>\n<li><strong>Identificer, om du er logget ind p\u00e5 vores hjemmeside.<\/strong> En cookie giver os mulighed for at kontrollere, om du er logget ind p\u00e5 siden.<\/li>\n<li><strong>Test indhold p\u00e5 vores hjemmeside.<\/strong> For eksempel kan 50 % af vores brugere se \u00e9t stykke indhold, de andre 50 % et andet stykke indhold.<\/li>\n<li><strong>Gem oplysninger om dine pr\u00e6ferencer.<\/strong> Hjemmesiden kan derefter pr\u00e6sentere dig for information, du vil finde mere relevant og interessant.<\/li>\n<li><strong>At genkende, n\u00e5r du vender tilbage til vores hjemmeside.<\/strong> Vi kan vise dit relevante indhold eller levere funktionalitet, du tidligere har brugt.<\/li>\n<\/ul>\n<p>Cookies giver os ikke adgang til din computer eller andre oplysninger om dig end dem, du v\u00e6lger at dele med os.<\/p>\n<h3>Styring af cookies<\/h3>\n<p>Du kan bruge din webbrowsers cookie-indstillinger til at bestemme, hvordan vores hjemmeside bruger cookies. Hvis du ikke \u00f8nsker, at vores hjemmeside gemmer cookies p\u00e5 din computer eller enhed, skal du indstille din webbrowser til at afvise cookies.<\/p>\n<p>Bem\u00e6rk dog, at dette kan p\u00e5virke, hvordan vores hjemmeside fungerer. Nogle sider og tjenester kan blive utilg\u00e6ngelige for dig.<\/p>\n<p>Medmindre du har \u00e6ndret din browser til at afvise cookies, vil vores hjemmeside udstede cookies, n\u00e5r du bes\u00f8ger den.<\/p>\n<p>For at l\u00e6re mere om cookies og hvordan de bruges, <a href=\"http:\/\/www.allaboutcookies.org\/\">bes\u00f8g Alt om cookies<\/a>.<\/p>\n<h2>Sikkerhed<\/h2>\n<p>Vi vil altid opbevare dine oplysninger sikkert.<\/p>\n<p>For at forhindre uautoriseret offentligg\u00f8relse eller adgang til dine oplysninger har vi implementeret st\u00e6rke fysiske og elektroniske sikkerhedsforanstaltninger.<\/p>\n<p>Vi f\u00f8lger ogs\u00e5 strenge procedurer for at sikre, at vi arbejder med alle personlige data i overensstemmelse med Data Protection Act 1998.<\/p>\n<h2>Links fra vores side<\/h2>\n<p>Vores hjemmeside kan indeholde links til andre hjemmesider.<\/p>\n<p>Bem\u00e6rk venligst, at vi ikke har kontrol over websteder uden for Digitogy.eu-dom\u00e6net. Hvis du giver oplysninger til et websted, som vi linker til, er vi ikke ansvarlige for dets beskyttelse og privatliv.<\/p>\n<p>V\u00e6r altid forsigtig, n\u00e5r du sender data til websteder. L\u00e6s webstedets databeskyttelses- og privatlivspolitikker fuldt ud.<\/p>\n","protected":false},"excerpt":{"rendered":"<p>Denne hjemmesides privatlivspolitik beskriver, hvordan Digitogy.eu beskytter og g\u00f8r brug af de oplysninger, du giver virksomheden, n\u00e5r du bruger denne hjemmeside. Hvis du bliver bedt om at give oplysninger, n\u00e5r du bruger denne hjemmeside, vil den kun blive brugt p\u00e5 de m\u00e5der, der er beskrevet i denne privatlivspolitik. Denne politik opdateres fra tid til anden. [&hellip;]<\/p>\n","protected":false},"author":43,"featured_media":0,"parent":0,"menu_order":0,"comment_status":"closed","ping_status":"closed","template":"","meta":{"om_disable_all_campaigns":false,"footnotes":""},"sgf-content-tag":[472,475],"sgf-seo-push":[],"class_list":["post-20798","page","type-page","status-publish","hentry"],"yoast_head":"<!-- This site is optimized with the Yoast SEO plugin v24.9 - https:\/\/yoast.com\/wordpress\/plugins\/seo\/ -->\n<title>Privatlivspolitikken | Digitogy.eu<\/title>\n<meta name=\"description\" content=\"Denne hjemmesides privatlivspolitik beskriver, hvordan Digitogy.eu beskytter og g\u00f8r brug af de oplysninger, du giver virksomheden, n\u00e5r du bruger denne\" \/>\n<meta name=\"robots\" content=\"index, follow, max-snippet:-1, max-image-preview:large, max-video-preview:-1\" \/>\n<link rel=\"canonical\" href=\"https:\/\/digitogy.eu\/da\/privatlivspolitikken\/\" \/>\n<meta property=\"og:locale\" content=\"da_DK\" \/>\n<meta property=\"og:type\" content=\"article\" \/>\n<meta property=\"og:title\" content=\"Privatlivspolitikken | Digitogy.eu\" \/>\n<meta property=\"og:description\" content=\"Denne hjemmesides privatlivspolitik beskriver, hvordan Digitogy.eu beskytter og g\u00f8r brug af de oplysninger, du giver virksomheden, n\u00e5r du bruger denne\" \/>\n<meta property=\"og:url\" content=\"https:\/\/digitogy.eu\/da\/privatlivspolitikken\/\" \/>\n<meta property=\"og:site_name\" content=\"Digitogy.eu\" \/>\n<meta property=\"article:modified_time\" content=\"2023-07-28T00:50:19+00:00\" \/>\n<meta name=\"twitter:card\" content=\"summary_large_image\" \/>\n<!-- \/ Yoast SEO plugin. -->","yoast_head_json":{"title":"Privatlivspolitikken | Digitogy.eu","description":"Denne hjemmesides privatlivspolitik beskriver, hvordan Digitogy.eu beskytter og g\u00f8r brug af de oplysninger, du giver virksomheden, n\u00e5r du bruger denne","robots":{"index":"index","follow":"follow","max-snippet":"max-snippet:-1","max-image-preview":"max-image-preview:large","max-video-preview":"max-video-preview:-1"},"canonical":"https:\/\/digitogy.eu\/da\/privatlivspolitikken\/","og_locale":"da_DK","og_type":"article","og_title":"Privatlivspolitikken | Digitogy.eu","og_description":"Denne hjemmesides privatlivspolitik beskriver, hvordan Digitogy.eu beskytter og g\u00f8r brug af de oplysninger, du giver virksomheden, n\u00e5r du bruger denne","og_url":"https:\/\/digitogy.eu\/da\/privatlivspolitikken\/","og_site_name":"Digitogy.eu","article_modified_time":"2023-07-28T00:50:19+00:00","twitter_card":"summary_large_image","schema":{"@context":"https:\/\/schema.org","@graph":[{"@type":"WebPage","@id":"https:\/\/digitogy.eu\/da\/privatlivspolitikken\/","url":"https:\/\/digitogy.eu\/da\/privatlivspolitikken\/","name":"Privatlivspolitikken | Digitogy.eu","isPartOf":{"@id":"https:\/\/digitogy.eu\/da\/#website"},"datePublished":"2020-10-07T10:38:18+00:00","dateModified":"2023-07-28T00:50:19+00:00","description":"Denne hjemmesides privatlivspolitik beskriver, hvordan Digitogy.eu beskytter og g\u00f8r brug af de oplysninger, du giver virksomheden, n\u00e5r du bruger denne","breadcrumb":{"@id":"https:\/\/digitogy.eu\/da\/privatlivspolitikken\/#breadcrumb"},"inLanguage":"da-DK","potentialAction":[{"@type":"ReadAction","target":["https:\/\/digitogy.eu\/da\/privatlivspolitikken\/"]}]},{"@type":"BreadcrumbList","@id":"https:\/\/digitogy.eu\/da\/privatlivspolitikken\/#breadcrumb","itemListElement":[{"@type":"ListItem","position":1,"name":"Home","item":"https:\/\/digitogy.eu\/da\/hjem\/"},{"@type":"ListItem","position":2,"name":"Privatlivspolitikken"}]},{"@type":"WebSite","@id":"https:\/\/digitogy.eu\/da\/#website","url":"https:\/\/digitogy.eu\/da\/","name":"Digitogy.eu","description":"Digital Technology Magazine","publisher":{"@id":"https:\/\/digitogy.eu\/da\/#organization"},"potentialAction":[{"@type":"SearchAction","target":{"@type":"EntryPoint","urlTemplate":"https:\/\/digitogy.eu\/da\/?s={search_term_string}"},"query-input":{"@type":"PropertyValueSpecification","valueRequired":true,"valueName":"search_term_string"}}],"inLanguage":"da-DK"},{"@type":"Organization","@id":"https:\/\/digitogy.eu\/da\/#organization","name":"Digitogy.eu","url":"https:\/\/digitogy.eu\/da\/","logo":{"@type":"ImageObject","inLanguage":"da-DK","@id":"https:\/\/digitogy.eu\/da\/#\/schema\/logo\/image\/","url":"https:\/\/digitogy.eu\/wp-content\/uploads\/2019\/11\/digitogy.png","contentUrl":"https:\/\/digitogy.eu\/wp-content\/uploads\/2019\/11\/digitogy.png","width":150,"height":42,"caption":"Digitogy.eu"},"image":{"@id":"https:\/\/digitogy.eu\/da\/#\/schema\/logo\/image\/"}}]}},"_links":{"self":[{"href":"https:\/\/digitogy.eu\/da\/wp-json\/wp\/v2\/pages\/20798","targetHints":{"allow":["GET"]}}],"collection":[{"href":"https:\/\/digitogy.eu\/da\/wp-json\/wp\/v2\/pages"}],"about":[{"href":"https:\/\/digitogy.eu\/da\/wp-json\/wp\/v2\/types\/page"}],"author":[{"embeddable":true,"href":"https:\/\/digitogy.eu\/da\/wp-json\/wp\/v2\/users\/43"}],"replies":[{"embeddable":true,"href":"https:\/\/digitogy.eu\/da\/wp-json\/wp\/v2\/comments?post=20798"}],"version-history":[{"count":4,"href":"https:\/\/digitogy.eu\/da\/wp-json\/wp\/v2\/pages\/20798\/revisions"}],"predecessor-version":[{"id":47079,"href":"https:\/\/digitogy.eu\/da\/wp-json\/wp\/v2\/pages\/20798\/revisions\/47079"}],"wp:attachment":[{"href":"https:\/\/digitogy.eu\/da\/wp-json\/wp\/v2\/media?parent=20798"}],"wp:term":[{"taxonomy":"sgf-content-tag","embeddable":true,"href":"https:\/\/digitogy.eu\/da\/wp-json\/wp\/v2\/sgf-content-tag?post=20798"},{"taxonomy":"sgf-seo-push","embeddable":true,"href":"https:\/\/digitogy.eu\/da\/wp-json\/wp\/v2\/sgf-seo-push?post=20798"}],"curies":[{"name":"wp","href":"https:\/\/api.w.org\/{rel}","templated":true}]}}