{"id":20069,"date":"2020-09-24T10:29:21","date_gmt":"2020-09-24T09:29:21","guid":{"rendered":"https:\/\/digitogy.eu\/?page_id=20069"},"modified":"2023-08-04T10:26:30","modified_gmt":"2023-08-04T09:26:30","slug":"om-os","status":"publish","type":"page","link":"https:\/\/digitogy.eu\/da\/om-os\/","title":{"rendered":"Om os"},"content":{"rendered":"<p>Velkommen til <a href=\"https:\/\/digitogy.eu\/da\/\">Digitogy.eu<\/a>, din ultimative destination for indsigtsfulde anmeldelser af teknologiprodukter, der kan forbedre din livsstil. Fra arbejdsrelaterede IT-gadgets til teknologiprodukter til fritidsbrug, d\u00e6kker vi det hele.<\/p>\n<p>P\u00e5 Digitogy.eu forst\u00e5r vi kompleksiteten af teknologiprodukter og sigter mod at forenkle informationen for dig. Vores mission er at hj\u00e6lpe dig med at navigere gennem den stadigt voksende teknologiske verden og beskytte dig mod misinformation og potentielle trusler.<\/p>\n<p>Med grundig testning og objektive vurderinger sikrer vi, at du f\u00e5r en klar og \u00e6rlig evaluering af hvert produkts sande v\u00e6rdi. Stol p\u00e5 os som din betroede teknologiske f\u00f8lgesvend p\u00e5 denne sp\u00e6ndende rejse!<\/p>\n<h2>Stiftelse og Tidlige Dage<\/h2>\n<p>Digitogy.eu blev grundlagt i 2020, da en gruppe teknologi entusiaster anerkendte behovet for en platform, der kunne bygge bro mellem forbrugerne og den evigt udviklende teknologiske verden.<\/p>\n<p>Der varesigte var at skabe et rum, hvor folk kunne f\u00e5 adgang til \u00e6rlige, upartiske anmeldelser og v\u00e6rdifulde anbefalinger til forskellige gadgets, elektronik og digitale innovationer.<\/p>\n<p>I de tidlige dage stod teamet over for flere udfordringer. Med begr\u00e6nsede ressourcer og en konkurrencepr\u00e6get marked var det ikke nemt at vinde fremdrift og etablere trov\u00e6rdighed.<\/p>\n<p>Dog holdt deres passion for teknologi og dedikation til at levere indhold af h\u00f8j kvalitet dem g\u00e5ende. De arbejdede utr\u00e6tteligt p\u00e5 at opbygge en grundlag, der med tiden ville blive en betroet kilde til information for teknologi entusiaster over hele verden.<\/p>\n<h2>V\u00e6kst og Udvikling<\/h2>\n<p>Siden sin grundl\u00e6ggelse har digitogy.eu oplevet bem\u00e6rkelsesv\u00e6rdig v\u00e6kst og udvikling. Websitets engagement i ekspertise f\u00f8rte til en stigende m\u00e6ngde af l\u00e6sere, og i takt med at f\u00e6llesskabet voksede, s\u00e5 gjorde mangfoldigheden af indhold.<\/p>\n<p>Fra dybdeg\u00e5ende anmeldelser af de nyeste smartphones til omfattende k\u00f8bsguider til smart home-enheder, udvidede websitet dets indholdskategorier for at im\u00f8dekomme forskellige teknologiinteresser.<\/p>\n<p>Et af de store vendepunkter i digitogy.eu&#8217;s rejse var indarbejdelsen af brugerfeedback. De lyttede aktivt til deres publikum og brugte denne v\u00e6rdifulde feedback til at forbedre deres indhold, design og brugeroplevelse.<\/p>\n<p>Denne responsive tilgang styrkede betydeligt websitets appel og cementerede dens position som en p\u00e5lidelig kilde til teknologiinformation.<\/p>\n<h2>F\u00e6llesskab og Indflydelse<\/h2>\n<p>I l\u00f8bet af \u00e5rene har digitogy.eu form\u00e5et at opbygge et blomstrende f\u00e6llesskab af teknologi entusiaster, tidlige adoptanter og nysgerrige sind.<\/p>\n<p>Websitets interaktive karakter tillod l\u00e6sere at engagere sig i diskussioner, dele deres erfaringer og l\u00e6re af hinanden. Denne f\u00f8lelse af f\u00e6llesskab fremmede en dybere forbindelse mellem websitet og dets publikum.<\/p>\n<p>Digitogy.eu har haft en dybtg\u00e5ende indflydelse p\u00e5 sine l\u00e6sere. Mange brugere har delt historier om vellykket implementering af indtjeningsstrategier baseret p\u00e5 websitets indsigt, hvilket har f\u00f8rt til \u00f8konomisk styrkelse.<\/p>\n<p>Derudover har websitets objektive og upartiske tilgang til produktanmeldelser sparet l\u00e6sere for at lave fortrydelige k\u00f8b og hjulpet dem med at tr\u00e6ffe velinformerede beslutninger.<\/p>\n<h2>Bidragsydere og Team<\/h2>\n<p>Intet af denne v\u00e6kst og succes ville have v\u00e6ret mulig uden de utr\u00e6ttelige bestr\u00e6belser fra bidragsydere og teamet bag digitogy.eu. Deres passion for teknologi og forpligtelse til at levere n\u00f8jagtig og opdateret information har v\u00e6ret drivkraften bag websitets bedrifter.<\/p>\n<h3>Vores hold<\/h3>\n<p>M\u00f8d vores dedikerede hold af skribenter, der lidenskabeligt giver liv til ideer og leverer autentiske brugeroplevelser til vores k\u00e6re l\u00e6sere.<\/p>\n<p>Med et f\u00e6lles m\u00e5l str\u00e6ber hver skribent efter at pr\u00e6sentere pr\u00e6cis information p\u00e5 en f\u00e6ngslende og forn\u00f8jelig m\u00e5de. Vores vision er en verden, hvor online shoppers kan handle med ubetinget tillid, velvidende at de kan stole p\u00e5 p\u00e5lideligheden af skribenter som vores enest\u00e5ende hold.<\/p>\n\t\t\t<style>.authors-list-cols-dir-horizontal .authors-list-col{display:block;float:left;margin-right:3.42%}.authors-list-cols-dir-horizontal .authors-list-col-1{width:5.198%}.authors-list-cols-dir-horizontal .authors-list-col-2{width:13.81%}.authors-list-cols-dir-horizontal .authors-list-col-3{width:22.43%}.authors-list-cols-dir-horizontal .authors-list-col-4{width:31.05%}.authors-list-cols-dir-horizontal .authors-list-col-5{width:39.67%}.authors-list-cols-dir-horizontal .authors-list-col-6{width:48.29%}.authors-list-cols-dir-horizontal .authors-list-col-7{width:56.9%}.authors-list-cols-dir-horizontal .authors-list-col-8{width:65.52%}.authors-list-cols-dir-horizontal .authors-list-col-9{width:74.14%}.authors-list-cols-dir-horizontal .authors-list-col-10{width:82.76%}.authors-list-cols-dir-horizontal .authors-list-col-11{width:91.38%}.authors-list-cols-dir-horizontal .authors-list-col-12{width:100%}.authors-list-cols-dir-horizontal .authors-list-col-last{margin-right:0}.authors-list-cols-dir-horizontal .authors-list-col-first{clear:both}.authors-list-cols-dir-horizontal.authors-list-cols-2 .authors-list-col:nth-child(2n){margin-right:0}.authors-list-cols-dir-horizontal.authors-list-cols-2 .authors-list-col:nth-child(2n+1){clear:both}.authors-list-cols-dir-horizontal.authors-list-cols-3 .authors-list-col:nth-child(3n){margin-right:0}.authors-list-cols-dir-horizontal.authors-list-cols-3 .authors-list-col:nth-child(3n+1){clear:both}.authors-list-cols-dir-horizontal.authors-list-cols-4 .authors-list-col:nth-child(4n){margin-right:0}.authors-list-cols-dir-horizontal.authors-list-cols-4 .authors-list-col:nth-child(4n+1){clear:both}.authors-list-cols-dir-vertical{column-gap:3.42%}.authors-list-cols-dir-vertical.authors-list-cols-2{column-count:2}.authors-list-cols-dir-vertical.authors-list-cols-3{column-count:3}.authors-list-cols-dir-vertical.authors-list-cols-3{column-count:3}.authors-list-cols-dir-vertical.authors-list-cols-4{column-count:4}.authors-list-clearfix:after,.authors-list-clearfix:before{content:\" \";display:table}.authors-list-clearfix:after{clear:both}.authors-list-item{margin-bottom:30px;position:relative}.authors-list-cols-dir-vertical .authors-list-item{break-inside:avoid-column;page-break-inside:avoid}.authors-list-item-thumbnail{margin-bottom:20px;position:relative}.authors-list-item-thumbnail a,.authors-list-item-thumbnail img{display:block;position:relative;border:0}.authors-list-item-thumbnail img{max-width:100%;height:auto;border-radius:inherit;}.authors-list-item-title{font-size:22px;font-weight:700;margin-bottom:5px}.authors-list-item-title a{color:inherit}.authors-list-item-subtitle{margin-bottom:5px;font-size:80%}.authors-list-item-social{margin-bottom:10px}.authors-list-item-social a{font-size:15px;margin-right:5px;text-decoration:none}.authors-list-item-social svg{width:15px}.authors-list-item-social-facebook{fill:#3b5998}.authors-list-item-social-instagram{fill:#405de6}.authors-list-item-social-linkedin{fill:#0077b5}.authors-list-item-social-pinterest{fill:#bd081c}.authors-list-item-social-tumblr{fill:#35465c}.authors-list-item-social-twitter{fill:#1da1f2}.authors-list-item-social-youtube{fill:red}.authors-list-item-social-tiktok{fill:#1e3050}.authors-list-item-excerpt{margin-bottom:10px}.authors-list-items-s2 .authors-list-item-main{position:absolute;bottom:0;left:0;right:0;padding:30px;color:#fff;background:rgba(0,0,0,.3)}.authors-list-items-s2 .authors-list-item-thumbnail{margin-bottom:0}.authors-list-items-s2 .authors-list-item-title{color:inherit}.authors-list-items-s2 .authors-list-item-link{color:inherit}.authors-list-items-s3 .authors-list-item-thumbnail{margin-bottom:0}.authors-list-items-s3 .authors-list-item-main{position:absolute;bottom:0;left:0;right:0;top:0;padding:30px;opacity:0;transform:scale(0);transition:all .3s;background:#fff;border:2px solid #eee}.authors-list-items-s3 .authors-list-item:hover .authors-list-item-main{opacity:1;transform:scale(1)}.authors-list-items-s4 .authors-list-item-thumbnail{float:left;margin-right:20px;width:25%}.authors-list-item-s4 .authors-list-item-main{overflow:hidden}.author-list-item-after-avatar,.author-list-item-after-bio,.author-list-item-after-count,.author-list-item-after-link,.author-list-item-after-title,.author-list-item-before-avatar,.author-list-item-before-bio,.author-list-item-before-count,.author-list-item-before-link,.author-list-item-before-title{margin-bottom:5px}@media only screen and (max-width:767px){.authors-list-cols-dir-horizontal .authors-list-col{width:100%;margin-right:0!important}.authors-list-cols-dir-vertical{column-count:1!important}}.authors-list-pagination{text-align:center}.authors-list-pagination li{display:inline-block;margin:0 2px}.authors-list-pagination li a,.authors-list-pagination li>span{display:inline-block;border:1px solid rgba(0,0,0,.2);padding:10px;line-height:1}<\/style>\n\t\t\t\t\t\t<div class=\"authors-list-items authors-list-items-s3 authors-list-clearfix authors-list-cols-3 authors-list-cols-dir-horizontal \">\n\t\t\t\n\t\t<div class=\"authors-list-item authors-list-item-clearfix authors-list-col authors-list-col-4\">\n\n\t\t\t\t\t\t\t<div class=\"authors-list-item-thumbnail\">\n\t\t\t\t\t\n\t\t\t\t\t<a href=\"https:\/\/digitogy.eu\/da\/author\/freydis\/\" class=\"author-list-item-avatar\">\n\t\t\t\t\t\t\t\t\t\t\t\t\t<img alt='Freydis' src='https:\/\/digitogy.eu\/wp-content\/uploads\/2022\/05\/Freydis-200x200-1-500x500.jpg' srcset='https:\/\/digitogy.eu\/wp-content\/uploads\/2022\/05\/Freydis-200x200-1-1000x1000.jpg 2x' class='avatar avatar-500 photo' height='500' width='500' \/>\t\t\t\t\t\t\t\t\t\t\t<\/a>\n\n\t\t\t\t\t\t\t\t\t<\/div><!-- .team-item-thumbnail -->\n\t\t\t\n\t\t\t<div class=\"authors-list-item-main\">\n\n\t\t\t\t\n\t\t\t\t\t\t\t\t\t<div class=\"authors-list-item-title\">\n\t\t\t\t\t\t<a href=\"https:\/\/digitogy.eu\/da\/author\/freydis\/\">Freydis<\/a>\n\t\t\t\t\t<\/div>\n\t\t\t\t\n\t\t\t\t\n\t\t\t\t\n\t\t\t\t\t\t\t\t\t\t\t\t\t\t<div class=\"authors-list-item-subtitle\">8 posts<\/div>\n\t\t\t\t\n\t\t\t\t\n\t\t\t\t\n\t\t\t\t\n\t\t\t\t\n\t\t\t\t\n\t\t\t\t\t\t\t\t\t\t\t\t\t\t<a href=\"https:\/\/digitogy.eu\/da\/author\/freydis\/\" class=\"authors-list-item-link\" aria-label=\" - Se indl\u00e6g \u2192\">Se indl\u00e6g \u2192<\/a>\n\t\t\t\t\n\t\t\t\t\n\t\t\t<\/div><!-- .team-item-main -->\n\n\t\t<\/div><!-- .authors-list-item -->\n\n\t\t\n\t\t<div class=\"authors-list-item authors-list-item-clearfix authors-list-col authors-list-col-4\">\n\n\t\t\t\t\t\t\t<div class=\"authors-list-item-thumbnail\">\n\t\t\t\t\t\n\t\t\t\t\t<a href=\"https:\/\/digitogy.eu\/da\/author\/jemima\/\" class=\"author-list-item-avatar\">\n\t\t\t\t\t\t\t\t\t\t\t\t\t<img alt='Jemima' src='https:\/\/digitogy.eu\/wp-content\/uploads\/2022\/05\/Jemima-200x200-1-500x500.jpg' srcset='https:\/\/digitogy.eu\/wp-content\/uploads\/2022\/05\/Jemima-200x200-1-1000x1000.jpg 2x' class='avatar avatar-500 photo' height='500' width='500' \/>\t\t\t\t\t\t\t\t\t\t\t<\/a>\n\n\t\t\t\t\t\t\t\t\t<\/div><!-- .team-item-thumbnail -->\n\t\t\t\n\t\t\t<div class=\"authors-list-item-main\">\n\n\t\t\t\t\n\t\t\t\t\t\t\t\t\t<div class=\"authors-list-item-title\">\n\t\t\t\t\t\t<a href=\"https:\/\/digitogy.eu\/da\/author\/jemima\/\">Jemima<\/a>\n\t\t\t\t\t<\/div>\n\t\t\t\t\n\t\t\t\t\n\t\t\t\t\n\t\t\t\t\t\t\t\t\t\t\t\t\t\t<div class=\"authors-list-item-subtitle\">58 posts<\/div>\n\t\t\t\t\n\t\t\t\t\n\t\t\t\t\n\t\t\t\t\n\t\t\t\t\n\t\t\t\t\n\t\t\t\t\t\t\t\t\t\t\t\t\t\t<a href=\"https:\/\/digitogy.eu\/da\/author\/jemima\/\" class=\"authors-list-item-link\" aria-label=\" - Se indl\u00e6g \u2192\">Se indl\u00e6g \u2192<\/a>\n\t\t\t\t\n\t\t\t\t\n\t\t\t<\/div><!-- .team-item-main -->\n\n\t\t<\/div><!-- .authors-list-item -->\n\n\t\t\n\t\t<div class=\"authors-list-item authors-list-item-clearfix authors-list-col authors-list-col-4\">\n\n\t\t\t\t\t\t\t<div class=\"authors-list-item-thumbnail\">\n\t\t\t\t\t\n\t\t\t\t\t<a href=\"https:\/\/digitogy.eu\/da\/author\/kasper\/\" class=\"author-list-item-avatar\">\n\t\t\t\t\t\t\t\t\t\t\t\t\t<img alt='Kasper' src='https:\/\/digitogy.eu\/wp-content\/uploads\/2022\/05\/Kasper-200x200-1-500x500.jpg' srcset='https:\/\/digitogy.eu\/wp-content\/uploads\/2022\/05\/Kasper-200x200-1-1000x1000.jpg 2x' class='avatar avatar-500 photo' height='500' width='500' \/>\t\t\t\t\t\t\t\t\t\t\t<\/a>\n\n\t\t\t\t\t\t\t\t\t<\/div><!-- .team-item-thumbnail -->\n\t\t\t\n\t\t\t<div class=\"authors-list-item-main\">\n\n\t\t\t\t\n\t\t\t\t\t\t\t\t\t<div class=\"authors-list-item-title\">\n\t\t\t\t\t\t<a href=\"https:\/\/digitogy.eu\/da\/author\/kasper\/\">Kasper<\/a>\n\t\t\t\t\t<\/div>\n\t\t\t\t\n\t\t\t\t\n\t\t\t\t\n\t\t\t\t\t\t\t\t\t\t\t\t\t\t<div class=\"authors-list-item-subtitle\">6 posts<\/div>\n\t\t\t\t\n\t\t\t\t\n\t\t\t\t\n\t\t\t\t\n\t\t\t\t\n\t\t\t\t\n\t\t\t\t\t\t\t\t\t\t\t\t\t\t<a href=\"https:\/\/digitogy.eu\/da\/author\/kasper\/\" class=\"authors-list-item-link\" aria-label=\" - Se indl\u00e6g \u2192\">Se indl\u00e6g \u2192<\/a>\n\t\t\t\t\n\t\t\t\t\n\t\t\t<\/div><!-- .team-item-main -->\n\n\t\t<\/div><!-- .authors-list-item -->\n\n\t\t\n\t\t<div class=\"authors-list-item authors-list-item-clearfix authors-list-col authors-list-col-4\">\n\n\t\t\t\t\t\t\t<div class=\"authors-list-item-thumbnail\">\n\t\t\t\t\t\n\t\t\t\t\t<a href=\"https:\/\/digitogy.eu\/da\/author\/mariann\/\" class=\"author-list-item-avatar\">\n\t\t\t\t\t\t\t\t\t\t\t\t\t<img alt='Mariann' src='https:\/\/digitogy.eu\/wp-content\/uploads\/2022\/05\/Mariann-200x200-1-500x500.jpg' srcset='https:\/\/digitogy.eu\/wp-content\/uploads\/2022\/05\/Mariann-200x200-1-1000x1000.jpg 2x' class='avatar avatar-500 photo' height='500' width='500' \/>\t\t\t\t\t\t\t\t\t\t\t<\/a>\n\n\t\t\t\t\t\t\t\t\t<\/div><!-- .team-item-thumbnail -->\n\t\t\t\n\t\t\t<div class=\"authors-list-item-main\">\n\n\t\t\t\t\n\t\t\t\t\t\t\t\t\t<div class=\"authors-list-item-title\">\n\t\t\t\t\t\t<a href=\"https:\/\/digitogy.eu\/da\/author\/mariann\/\">Mariann<\/a>\n\t\t\t\t\t<\/div>\n\t\t\t\t\n\t\t\t\t\n\t\t\t\t\n\t\t\t\t\t\t\t\t\t\t\t\t\t\t<div class=\"authors-list-item-subtitle\">40 posts<\/div>\n\t\t\t\t\n\t\t\t\t\n\t\t\t\t\n\t\t\t\t\n\t\t\t\t\n\t\t\t\t\n\t\t\t\t\t\t\t\t\t\t\t\t\t\t<a href=\"https:\/\/digitogy.eu\/da\/author\/mariann\/\" class=\"authors-list-item-link\" aria-label=\" - Se indl\u00e6g \u2192\">Se indl\u00e6g \u2192<\/a>\n\t\t\t\t\n\t\t\t\t\n\t\t\t<\/div><!-- .team-item-main -->\n\n\t\t<\/div><!-- .authors-list-item -->\n\n\t\t\n\t\t\t<span class=\"spinner\">\n\t\t\t\t<span class=\"spin\">\n\t\t\t\t\t<svg xmlns=\"http:\/\/www.w3.org\/2000\/svg\" viewBox=\"0 0 512 512\">\n\t\t\t\t\t\t<path d=\"M304 48C304 74.51 282.5 96 256 96C229.5 96 208 74.51 208 48C208 21.49 229.5 0 256 0C282.5 0 304 21.49 304 48zM304 464C304 490.5 282.5 512 256 512C229.5 512 208 490.5 208 464C208 437.5 229.5 416 256 416C282.5 416 304 437.5 304 464zM0 256C0 229.5 21.49 208 48 208C74.51 208 96 229.5 96 256C96 282.5 74.51 304 48 304C21.49 304 0 282.5 0 256zM512 256C512 282.5 490.5 304 464 304C437.5 304 416 282.5 416 256C416 229.5 437.5 208 464 208C490.5 208 512 229.5 512 256zM74.98 437C56.23 418.3 56.23 387.9 74.98 369.1C93.73 350.4 124.1 350.4 142.9 369.1C161.6 387.9 161.6 418.3 142.9 437C124.1 455.8 93.73 455.8 74.98 437V437zM142.9 142.9C124.1 161.6 93.73 161.6 74.98 142.9C56.24 124.1 56.24 93.73 74.98 74.98C93.73 56.23 124.1 56.23 142.9 74.98C161.6 93.73 161.6 124.1 142.9 142.9zM369.1 369.1C387.9 350.4 418.3 350.4 437 369.1C455.8 387.9 455.8 418.3 437 437C418.3 455.8 387.9 455.8 369.1 437C350.4 418.3 350.4 387.9 369.1 369.1V369.1z\"\/>\n\t\t\t\t\t<\/svg>\n\t\t\t\t<\/span>\n\t\t\t<\/span>\n\n\t\t\t\t\t\t<\/div><!-- authors-list-items -->\n\t\t\t\n<h2>S\u00e5dan anmelder vi produkter<\/h2>\n<p>Vores prim\u00e6re m\u00e5l er, <strong>at vores l\u00e6sere f\u00e5 alle de vigtigste informationer.<\/strong> Vi vurderer alle produkter ud fra deres anvendelighed, og ud fra deres styrker og svagheder. Hvis du vil l\u00e6se mere, s\u00e5 se vores <a href=\"https:\/\/digitogy.eu\/da\/kategori\/bedste-gadgets\/\">bedste gadgetside her<\/a>.<\/p>\n<h2>Vi tester og anmelder selv alle produkter<\/h2>\n<p>Det er vigtigt for os at g\u00f8re alt dette \u00e6rligt. Vi s\u00f8rger derfor for selv at teste alle de produkter som vi anmelder p\u00e5 hjemmesiden, <strong>og vi s\u00f8rger for at inkludere fordele og ulemper hvor vi kan.<\/strong><\/p>\n<p>Ud over at inkludere produkt-tr\u00e6k, s\u00f8rger vi ogs\u00e5 for at tjekke hvordan produktet faktisk pr\u00e6sterer i virkeligheden. Det er vores m\u00e5l at vores l\u00e6sere kan tage oplyste beslutninger om produktet de pvervejer at k\u00f8be.<\/p>\n<h2>Vi tager imod feedback<\/h2>\n<p><strong>Det er vigtigt for os at vores l\u00e6sere involverer sig i processen<\/strong> &#8211; om det er med positiv eller negativ feedback eller nye tips. Det vil alt sammen hj\u00e6lpe os til at tage de rigtige beslutninger i fremtiden, s\u00e5 vi kan opretholde vores h\u00f8je standarder for indholdet p\u00e5 vores hjemmeside.<\/p>\n<h2>Vi tager ikke penge for reklamer<\/h2>\n<p><strong>Digitogy tager ikke mod betalte promoveringer<\/strong>, da det vil v\u00e6re selvmodsigende vores mission og vision. Det er vigtigt for os at vi ikke g\u00e5r p\u00e5 kompromis med vores upartiske og \u00e6rlige meninger om produkter og services.<\/p>\n<p>Derfor st\u00e5r vi ved vores l\u00f8fte om kun at videregive informationer for vores l\u00e6sere, og ikke for virksomheder.<\/p>\n<h2>Fort\u00e6l os om dine bekymringer<\/h2>\n<p>P\u00e5 Digitogy.eu prioriterer vi \u00e6gthed og anmeldelser fra f\u00e6llesskabet. Din feedback betyder meget for os. Del dine produktanmeldelser eller tanker om vores indhold; vi v\u00e6rds\u00e6tter din medvirken.<\/p>\n<p>Vores m\u00e5l er at v\u00e6re relevante og hj\u00e6lpe rigtige mennesker, ikke kun algoritmer. I mods\u00e6tning til konkurrenter, der fokuserer p\u00e5 profitdrevne falske anmeldelser, er vi dedikerede til din tilfredshed.<\/p>\n<p>Kontakt os via <a href=\"info@digitogy.eu\" target=\"_blank\" rel=\"noopener nofollow noreferrer\">e-mail<\/a> eller vores <a href=\"https:\/\/digitogy.eu\/da\/kontakt-os\/\" target=\"_blank\" rel=\"noopener\">kontaktformular<\/a> p\u00e5 hjemmesiden. Lad os sammen forme p\u00e5lidelige teknologianmeldelser!<\/p>\n<div id=\"gtx-trans\" style=\"position: absolute; left: 497px; top: 1288.21px;\">\n<div class=\"gtx-trans-icon\"><\/div>\n<\/div>\n","protected":false},"excerpt":{"rendered":"<p>Velkommen til Digitogy.eu, din ultimative destination for indsigtsfulde anmeldelser af teknologiprodukter, der kan forbedre din livsstil. Fra arbejdsrelaterede IT-gadgets til teknologiprodukter til fritidsbrug, d\u00e6kker vi det hele. P\u00e5 Digitogy.eu forst\u00e5r vi kompleksiteten af teknologiprodukter og sigter mod at forenkle informationen for dig. Vores mission er at hj\u00e6lpe dig med at navigere gennem den stadigt voksende [&hellip;]<\/p>\n","protected":false},"author":43,"featured_media":0,"parent":0,"menu_order":0,"comment_status":"closed","ping_status":"closed","template":"","meta":{"om_disable_all_campaigns":false,"footnotes":""},"sgf-content-tag":[472,470],"sgf-seo-push":[],"class_list":["post-20069","page","type-page","status-publish","hentry"],"yoast_head":"<!-- This site is optimized with the Yoast SEO plugin v24.9 - https:\/\/yoast.com\/wordpress\/plugins\/seo\/ -->\n<title>Om os | Digitogy.eu<\/title>\n<meta name=\"description\" content=\"Digitology er en tech-orienteret side, der fokuserer p\u00e5 produktanmeldelser. Vi er et team af n\u00f8rder, der anmelder uden reklameindt\u00e6gter.\" \/>\n<meta name=\"robots\" content=\"index, follow, max-snippet:-1, max-image-preview:large, max-video-preview:-1\" \/>\n<link rel=\"canonical\" href=\"https:\/\/digitogy.eu\/da\/om-os\/\" \/>\n<meta property=\"og:locale\" content=\"da_DK\" \/>\n<meta property=\"og:type\" content=\"article\" \/>\n<meta property=\"og:title\" content=\"Om os | Digitogy.eu\" \/>\n<meta property=\"og:description\" content=\"Digitology er en tech-orienteret side, der fokuserer p\u00e5 produktanmeldelser. Vi er et team af n\u00f8rder, der anmelder uden reklameindt\u00e6gter.\" \/>\n<meta property=\"og:url\" content=\"https:\/\/digitogy.eu\/da\/om-os\/\" \/>\n<meta property=\"og:site_name\" content=\"Digitogy.eu\" \/>\n<meta property=\"article:modified_time\" content=\"2023-08-04T09:26:30+00:00\" \/>\n<meta name=\"twitter:card\" content=\"summary_large_image\" \/>\n<!-- \/ Yoast SEO plugin. -->","yoast_head_json":{"title":"Om os | Digitogy.eu","description":"Digitology er en tech-orienteret side, der fokuserer p\u00e5 produktanmeldelser. Vi er et team af n\u00f8rder, der anmelder uden reklameindt\u00e6gter.","robots":{"index":"index","follow":"follow","max-snippet":"max-snippet:-1","max-image-preview":"max-image-preview:large","max-video-preview":"max-video-preview:-1"},"canonical":"https:\/\/digitogy.eu\/da\/om-os\/","og_locale":"da_DK","og_type":"article","og_title":"Om os | Digitogy.eu","og_description":"Digitology er en tech-orienteret side, der fokuserer p\u00e5 produktanmeldelser. Vi er et team af n\u00f8rder, der anmelder uden reklameindt\u00e6gter.","og_url":"https:\/\/digitogy.eu\/da\/om-os\/","og_site_name":"Digitogy.eu","article_modified_time":"2023-08-04T09:26:30+00:00","twitter_card":"summary_large_image","schema":{"@context":"https:\/\/schema.org","@graph":[{"@type":"WebPage","@id":"https:\/\/digitogy.eu\/da\/om-os\/","url":"https:\/\/digitogy.eu\/da\/om-os\/","name":"Om os | Digitogy.eu","isPartOf":{"@id":"https:\/\/digitogy.eu\/da\/#website"},"datePublished":"2020-09-24T09:29:21+00:00","dateModified":"2023-08-04T09:26:30+00:00","description":"Digitology er en tech-orienteret side, der fokuserer p\u00e5 produktanmeldelser. Vi er et team af n\u00f8rder, der anmelder uden reklameindt\u00e6gter.","breadcrumb":{"@id":"https:\/\/digitogy.eu\/da\/om-os\/#breadcrumb"},"inLanguage":"da-DK","potentialAction":[{"@type":"ReadAction","target":["https:\/\/digitogy.eu\/da\/om-os\/"]}]},{"@type":"BreadcrumbList","@id":"https:\/\/digitogy.eu\/da\/om-os\/#breadcrumb","itemListElement":[{"@type":"ListItem","position":1,"name":"Home","item":"https:\/\/digitogy.eu\/da\/hjem\/"},{"@type":"ListItem","position":2,"name":"Om os"}]},{"@type":"WebSite","@id":"https:\/\/digitogy.eu\/da\/#website","url":"https:\/\/digitogy.eu\/da\/","name":"Digitogy.eu","description":"Digital Technology Magazine","publisher":{"@id":"https:\/\/digitogy.eu\/da\/#organization"},"potentialAction":[{"@type":"SearchAction","target":{"@type":"EntryPoint","urlTemplate":"https:\/\/digitogy.eu\/da\/?s={search_term_string}"},"query-input":{"@type":"PropertyValueSpecification","valueRequired":true,"valueName":"search_term_string"}}],"inLanguage":"da-DK"},{"@type":"Organization","@id":"https:\/\/digitogy.eu\/da\/#organization","name":"Digitogy.eu","url":"https:\/\/digitogy.eu\/da\/","logo":{"@type":"ImageObject","inLanguage":"da-DK","@id":"https:\/\/digitogy.eu\/da\/#\/schema\/logo\/image\/","url":"https:\/\/digitogy.eu\/wp-content\/uploads\/2019\/11\/digitogy.png","contentUrl":"https:\/\/digitogy.eu\/wp-content\/uploads\/2019\/11\/digitogy.png","width":150,"height":42,"caption":"Digitogy.eu"},"image":{"@id":"https:\/\/digitogy.eu\/da\/#\/schema\/logo\/image\/"}}]}},"_links":{"self":[{"href":"https:\/\/digitogy.eu\/da\/wp-json\/wp\/v2\/pages\/20069","targetHints":{"allow":["GET"]}}],"collection":[{"href":"https:\/\/digitogy.eu\/da\/wp-json\/wp\/v2\/pages"}],"about":[{"href":"https:\/\/digitogy.eu\/da\/wp-json\/wp\/v2\/types\/page"}],"author":[{"embeddable":true,"href":"https:\/\/digitogy.eu\/da\/wp-json\/wp\/v2\/users\/43"}],"replies":[{"embeddable":true,"href":"https:\/\/digitogy.eu\/da\/wp-json\/wp\/v2\/comments?post=20069"}],"version-history":[{"count":11,"href":"https:\/\/digitogy.eu\/da\/wp-json\/wp\/v2\/pages\/20069\/revisions"}],"predecessor-version":[{"id":47169,"href":"https:\/\/digitogy.eu\/da\/wp-json\/wp\/v2\/pages\/20069\/revisions\/47169"}],"wp:attachment":[{"href":"https:\/\/digitogy.eu\/da\/wp-json\/wp\/v2\/media?parent=20069"}],"wp:term":[{"taxonomy":"sgf-content-tag","embeddable":true,"href":"https:\/\/digitogy.eu\/da\/wp-json\/wp\/v2\/sgf-content-tag?post=20069"},{"taxonomy":"sgf-seo-push","embeddable":true,"href":"https:\/\/digitogy.eu\/da\/wp-json\/wp\/v2\/sgf-seo-push?post=20069"}],"curies":[{"name":"wp","href":"https:\/\/api.w.org\/{rel}","templated":true}]}}